{"id":1014,"date":"2024-08-16T15:51:50","date_gmt":"2024-08-16T12:51:50","guid":{"rendered":"http:\/\/caliskanerler.com\/hakkimizda\/"},"modified":"2024-09-02T23:32:23","modified_gmt":"2024-09-02T20:32:23","slug":"hakkimizda","status":"publish","type":"page","link":"http:\/\/caliskanerler.com\/zh-hant\/hakkimizda\/","title":{"rendered":"\u5173\u4e8e\u6211\u4eec"},"content":{"rendered":"\n\t<section class=\"section h-about-one\" id=\"section_1005050644\">\n\t\t<div class=\"section-bg fill\" >\n\t\t\t\t\t\t\t\t\t\n\t\t\t\n\n\t\t<\/div>\n\n\t\t\n\n\t\t<div class=\"section-content relative\">\n\t\t\t\r\n\r\n<div class=\"row row-collapse row-full-width align-middle\"  id=\"row-1447867671\">\r\n\r\n\n\t<div id=\"col-1629745749\" class=\"col medium-8 small-12 large-8\"  >\n\t\t\t\t<div class=\"col-inner text-center\"  >\n\t\t\t\n\t\t\t\r\n\r\n\t<div id=\"text-2312822108\" class=\"text\">\n\t\t\r\n\r\n<h1>\u5173\u4e8e\u6211\u4eec<\/h1>\r\n<h2>\u6211\u4eec\u4ee5\u7cbe\u786e\u4e0e\u70ed\u60c5\u5236\u5b9a\u5927\u7406\u77f3\u884c\u4e1a\u6807\u51c6<\/h2>\r\n<p>\u00c7al\u0131\u015fkanerler \u77ff\u4e1a\u662f1990\u5e74\u5728\u571f\u8033\u5176Antalya\u7701Manavgat\u9547\u4ee5\u505a\u5927\u7406\u77f3\u5de5\u7a0b\u4e3a\u4e3b\u800c\u6210\u7acb\u7684\u516c\u53f8\u3002\u957f\u5e74\u4ee5\u63d0\u4f9b\u5de5\u7a0b\u6750\u6599\u4e3a\u4e13\u4e1a\u7684\u00c7al\u0131\u015fkanerler \u77ff\u4e1a\u5df2\u7ecf\u4e3a\u6570\u4ee5\u767e\u8ba1\u7684\u697c\u623f\u4e0e\u5bbe\u9986\u63d0\u4f9b\u4e86\u4e30\u5bcc\u7684\u6750\u6599\u800c\u4e14\u5728\u5de5\u7a0b\u5b8c\u5de5\u540e\u8d62\u5f97\u4e86\u826f\u597d\u7684\u53e3\u7891\u3002\u00c7al\u0131\u015fkanerler \u77ff\u4e1a\u4ece2005 \u5e74\u5f00\u59cb\u5728Antalya\u5e02\u4e2d\u5fc3\u5efa\u7acb\u4e86\u4ed3\u5e93\u5e76\u4e14\u5f00\u59cb\u8fdb\u53e3\u5927\u7406\u77f3\u4e0e\u82b1\u5c97\u5ca9\uff0c\u4ece\u6b64\u5f00\u59cb\u4e0e\u4e16\u754c\u6709\u8d38\u6613\u5f80\u6765\u30022011 \u5e74\u9996\u4e2a\u77ff\u5c71\u6295\u4ea7\u5f00\u91c7\u4e0e\u51fa\u53e3\u8352\u6599\u540e\u516c\u53f8\u8f6c\u578b\u4e3a\u51fa\u53e3\u5546\u3002\u5728Konya \u7701Bozk\u0131r \u9547\u5f00\u77ff13\u5e74\u4e4b\u4e45\u7684\u00c7al\u0131\u015fkanerler \u77ff\u4e1a\u662f\u5728\u8fd9\u4e2a\u533a\u57df\u6700\u5148\u5f00\u77ff\u7684\u516c\u53f8\u3002Emotion\u77ff\u5c71\u4e0eEverbloom \u77ff\u5c71\u51ed\u501f\u7740\u5145\u6ee1\u6d3b\u529b\u7684\u56e2\u961f\u4e0e\u5b8c\u7f8e\u5148\u8fdb\u7684\u673a\u5668\u6b63\u5728\u79ef\u6781\u5730\u4e0e\u6279\u91cf\u5730\u6301\u7eed\u8fd0\u4f5c\u3002\u6211\u4eec\u5df2\u7ecf\u6210\u529f\u5730\u51fa\u53e3\u523030 \u591a\u56fd\u542b\u4e2d\u56fd\uff0c\u5370\u5ea6\uff0c\u57c3\u53ca\uff0c\u7f8e\u56fd\uff0c\u6fb3\u5927\u5229\u4e9a\uff0c\u6b27\u6d32\u56fd\u5bb6\u548c\u4e2d\u4e1c\u56fd\u5bb6 \u3002                       <\/p>\r\n\t\t\n<style>\n#text-2312822108 {\n  text-align: left;\n}\n<\/style>\n\t<\/div>\n\t\r\n\t<div class=\"img has-hover x md-x lg-x y md-y lg-y\" id=\"image_444132842\">\n\t\t\t\t\t\t\t\t<div class=\"img-inner dark\" style=\"margin:20px 0px 0px 0px;\">\n\t\t\t<img loading=\"lazy\" decoding=\"async\" width=\"477\" height=\"477\" src=\"http:\/\/caliskanerler.com\/wp-content\/uploads\/2024\/08\/favicon.png\" class=\"attachment-medium_large size-medium_large\" alt=\"\" srcset=\"http:\/\/caliskanerler.com\/wp-content\/uploads\/2024\/08\/favicon.png 477w, http:\/\/caliskanerler.com\/wp-content\/uploads\/2024\/08\/favicon-300x300.png 300w, http:\/\/caliskanerler.com\/wp-content\/uploads\/2024\/08\/favicon-150x150.png 150w\" sizes=\"auto, (max-width: 477px) 100vw, 477px\" \/>\t\t\t\t\t\t\n\t\t\t\t\t<\/div>\n\t\t\t\t\t\t\t\t\n<style>\n#image_444132842 {\n  width: 15%;\n}\n<\/style>\n\t<\/div>\n\t\r\n\r\n\r\n\t\t<\/div>\n\t\t\t\t\n<style>\n#col-1629745749 > .col-inner {\n  padding: 10% 10% 10% 10%;\n}\n<\/style>\n\t<\/div>\n\n\t\r\n\n\t<div id=\"col-2072616114\" class=\"col medium-4 small-12 large-4\"  >\n\t\t\t\t<div class=\"col-inner\"  >\n\t\t\t\n\t\t\t\r\n\r\n\t<div class=\"img has-hover x md-x lg-x y md-y lg-y\" id=\"image_2086228397\">\n\t\t\t\t\t\t\t\t<div class=\"img-inner dark\" >\n\t\t\t<img loading=\"lazy\" decoding=\"async\" width=\"480\" height=\"670\" src=\"http:\/\/caliskanerler.com\/wp-content\/uploads\/2024\/08\/home-about-1.jpg\" class=\"attachment-original size-original\" alt=\"\" srcset=\"http:\/\/caliskanerler.com\/wp-content\/uploads\/2024\/08\/home-about-1.jpg 480w, http:\/\/caliskanerler.com\/wp-content\/uploads\/2024\/08\/home-about-1-215x300.jpg 215w\" sizes=\"auto, (max-width: 480px) 100vw, 480px\" \/>\t\t\t\t\t\t\n\t\t\t\t\t<\/div>\n\t\t\t\t\t\t\t\t\n<style>\n#image_2086228397 {\n  width: 100%;\n}\n<\/style>\n\t<\/div>\n\t\r\n\r\n\r\n\t\t<\/div>\n\t\t\t\t\t<\/div>\n\n\t\r\n\r\n<\/div>\r\n\r\n\t\t<\/div>\n\n\t\t\n<style>\n#section_1005050644 {\n  padding-top: 30px;\n  padding-bottom: 30px;\n}\n<\/style>\n\t<\/section>\n\t\r\n\n\t<section class=\"section h-about-two\" id=\"section_137505223\">\n\t\t<div class=\"section-bg fill\" >\n\t\t\t\t\t\t\t\t\t\n\t\t\t\n\n\t\t<\/div>\n\n\t\t\n\n\t\t<div class=\"section-content relative\">\n\t\t\t\r\n\r\n<div class=\"row row-full-width align-middle align-center\"  id=\"row-1136482664\">\r\n\r\n\n\t<div id=\"col-1172722914\" class=\"col small-12 large-12\"  >\n\t\t\t\t<div class=\"col-inner text-center\"  >\n\t\t\t\n\t\t\t\r\n\r\n\r\n\r\n<h2>\u77ff\u5c71<\/h2>\r\n<h4>\u4f18\u8d28\u5927\u7406\u77f3\u5757<\/h4>\r\n\r\n\r\n\t\t<\/div>\n\t\t\t\t\t<\/div>\n\n\t\r\n\n\t<div id=\"col-2059643994\" class=\"col medium-3 small-12 large-3\"  >\n\t\t\t\t<div class=\"col-inner text-right\"  >\n\t\t\t\n\t\t\t\r\n\r\n<h3>Emotion Grey<\/h3>\r\n<p>\u6211\u4eec\u7684Emotion \u7070\u5927\u7406\u77f3\u662f\u5728\u4e16\u754c\u8303\u56f4\u5185\u4e00\u4e2a\u975e\u5e38\u6709\u4ef7\u503c\u7684\u54c1\u79cd\u3002\u8352\u6599\uff0c\u5927\u677f\u4e0e\u5236\u54c1\u77f3\u6750\u5df2\u7ecf\u51fa\u53e3\u81f3\u4ee5\u5370\u5ea6\u4e0e\u57c3\u53ca\u4e3a\u9996\uff0c\u4ee5\u53ca\u4e2d\u56fd\uff0c\u6fb3\u5927\u5229\u4e9a\uff0c\u7f8e\u56fd\uff0c\u4e2d\u4e1c\u56fd\u5bb6\u4e0e\u6b27\u6d32\u56fd\u5bb6\u3002\u5728\u56fd\u5185\u5e02\u573a\u8bb8\u591a\u6709\u540d\u6c14\u7684\u5de5\u7a0b\u4e5f\u6709\u7528\u5230\u5b83\u3002\u56e0\u6211\u4eec\u7684\u77f3\u6750\u9700\u6c42\u6301\u7eed\u589e\u957f\u6240\u4ee5\u6211\u4eec\u4ee5\u6700\u5148\u8fdb\u7684\u673a\u5668\u5728\u4fdd\u8bc1\u8d28\u91cf\u524d\u63d0\u4e0b\u5728\u77ff\u5c71\u7e41\u5fd9\u5730\u5f00\u91c7 \u3002\u6b64\u5916\u56fd\u5185\u6700\u5148\u8fdb\u7684\u5de5\u5382\u4ee3\u5de5\u7684\u6211\u4eec\u7684\u5927\u677f\u54c1\u8d28\u4e5f\u662f\u975e\u5e38\u51fa\u8272\u7684\u3002\u56e0\u4e3a\u6211\u4eec\u603b\u662f\u80fd\u6709\u8352\u6599\u548c\u5927\u677f\u7684\u5e93\u5b58\u6240\u4ee5\u6211\u4eec\u7684\u5927\u7406\u77f3\u5df2\u7ecf\u53d8\u4e3a\u5de5\u7a0b\u4e0d\u53ef\u6216\u7f3a\u7684\u4f18\u9009\u54c1\u79cd\u3002<\/p>\r\n<a href=\"\/zh-hant\/ocaklar\/emotion-ocagi\/\" class=\"button secondary lowercase h-custom-btn\"  >\n\t\t<span>\u67e5\u770b\u66f4\u591a<\/span>\n\t<\/a>\n\r\n\r\n\r\n\t\t<\/div>\n\t\t\t\t\t<\/div>\n\n\t\r\n\n\t<div id=\"col-484941565\" class=\"col medium-5 small-12 large-5\"  >\n\t\t\t\t<div class=\"col-inner\"  >\n\t\t\t\n\t\t\t\r\n\r\n\t<div class=\"img has-hover x md-x lg-x y md-y lg-y\" id=\"image_1578291345\">\n\t\t\t\t\t\t\t\t<div class=\"img-inner image-cover dark\" style=\"padding-top:130%;\">\n\t\t\t<img loading=\"lazy\" decoding=\"async\" width=\"480\" height=\"816\" src=\"http:\/\/caliskanerler.com\/wp-content\/uploads\/2024\/08\/h-emotion-ocak-1.jpg\" class=\"attachment-original size-original\" alt=\"\" srcset=\"http:\/\/caliskanerler.com\/wp-content\/uploads\/2024\/08\/h-emotion-ocak-1.jpg 480w, http:\/\/caliskanerler.com\/wp-content\/uploads\/2024\/08\/h-emotion-ocak-1-176x300.jpg 176w\" sizes=\"auto, (max-width: 480px) 100vw, 480px\" \/>\t\t\t\t\t\t\n\t\t\t\t\t<\/div>\n\t\t\t\t\t\t\t\t\n<style>\n#image_1578291345 {\n  width: 100%;\n}\n<\/style>\n\t<\/div>\n\t\r\n\r\n\r\n\t\t<\/div>\n\t\t\t\t\n<style>\n#col-484941565 > .col-inner {\n  padding: 5% 5% 5% 5%;\n}\n<\/style>\n\t<\/div>\n\n\t\r\n\n\t<div id=\"col-2092311311\" class=\"col medium-3 small-12 large-3\"  >\n\t\t\t\t<div class=\"col-inner text-left\"  >\n\t\t\t\n\t\t\t\r\n\r\n<h3>Everbloom<\/h3>\r\n<p>\u6211\u4eec\u7684Everbloom \u77ff\u5c71\u662f\u54ea\u79cd\u7cbe\u5de7\u7ec6\u817b\u7684\u548c\u5404\u6709\u98ce\u5473\u7684\uff0c\u8fd8\u6709\u4e0e\u4f17\u4e0d\u540c\u56fe\u6848\u7684\u7cbe\u7f8e\u77ff\u5c71\u3002\u6211\u4eec\u7684\u77ff\u5c71\u5f00\u91c7\u51fa\u4e09\u79cd\u4e0d\u540c\u98ce\u683c\u5927\u7406\u77f3\u6309\u8352\u6599\u7279\u8272\u533a\u5206\u4e3a EverbloomPink,Everbloom Dark \u548c Everbloom Mix \u3002Everbloom Pink \u5927\u7406\u77f3\u6709\u7c89\u7ea2\u8272\u7684\u5e95\u8272\u3002Everbloom Dark \u5927\u7406\u77f3\u6709\u6df1\u7070\u7684\u5e95\u8272\u5e76\u5e26\u6709\u7075\u52a8\u7684\u767d\u6839\u53d8\u5316\u7279\u70b9\u3002Everbloom Mix \u4f4d\u4e8e\u6211\u4eec\u7684\u77ff\u5c71\u7070\u8272\u4e0e\u7c89\u7ea2\u8272\u77f3\u5934\u7684\u4e2d\u95f4\u4ea4\u6c47\u533a\u57df\u662f\u4e00\u79cd\u6709\u7279\u522b\u6f02\u4eae\u56fe\u6848\u7684\u5927\u7406\u77f3\u3002\u8352\u6599\u548c\u5927\u677f\u57fa\u672c\u4e0a\u90fd\u51fa\u53e3\u5e76\u4e14\u6211\u4eec\u77ff\u5c71\u7684\u8fd9\u4e9b\u6709\u7279\u8272\u56fe\u6848\u7684\u5927\u7406\u77f3\u505a\u4e86\u5f88\u591a\u8131\u9896\u800c\u51fa\u7684\u7cbe\u54c1\u5de5\u7a0b\u3002<\/p>\r\n<a href=\"\/zh-hant\/ocaklar\/everbloom-ocagi\/\" class=\"button secondary lowercase h-custom-btn\"  >\n\t\t<span>\u67e5\u770b\u66f4\u591a<\/span>\n\t<\/a>\n\r\n\r\n\r\n\t\t<\/div>\n\t\t\t\t\t<\/div>\n\n\t\r\n\r\n<\/div>\r\n\r\n\t\t<\/div>\n\n\t\t\n<style>\n#section_137505223 {\n  padding-top: 30px;\n  padding-bottom: 30px;\n}\n<\/style>\n\t<\/section>\n\t","protected":false},"excerpt":{"rendered":"","protected":false},"author":1,"featured_media":0,"parent":0,"menu_order":0,"comment_status":"closed","ping_status":"closed","template":"page-blank.php","meta":{"footnotes":""},"class_list":["post-1014","page","type-page","status-publish","hentry"],"_links":{"self":[{"href":"http:\/\/caliskanerler.com\/zh-hant\/wp-json\/wp\/v2\/pages\/1014","targetHints":{"allow":["GET"]}}],"collection":[{"href":"http:\/\/caliskanerler.com\/zh-hant\/wp-json\/wp\/v2\/pages"}],"about":[{"href":"http:\/\/caliskanerler.com\/zh-hant\/wp-json\/wp\/v2\/types\/page"}],"author":[{"embeddable":true,"href":"http:\/\/caliskanerler.com\/zh-hant\/wp-json\/wp\/v2\/users\/1"}],"replies":[{"embeddable":true,"href":"http:\/\/caliskanerler.com\/zh-hant\/wp-json\/wp\/v2\/comments?post=1014"}],"version-history":[{"count":2,"href":"http:\/\/caliskanerler.com\/zh-hant\/wp-json\/wp\/v2\/pages\/1014\/revisions"}],"predecessor-version":[{"id":1200,"href":"http:\/\/caliskanerler.com\/zh-hant\/wp-json\/wp\/v2\/pages\/1014\/revisions\/1200"}],"wp:attachment":[{"href":"http:\/\/caliskanerler.com\/zh-hant\/wp-json\/wp\/v2\/media?parent=1014"}],"curies":[{"name":"wp","href":"https:\/\/api.w.org\/{rel}","templated":true}]}}